{"id":6,"date":"2025-10-27T17:42:02","date_gmt":"2025-10-27T17:42:02","guid":{"rendered":"https:\/\/mediumvioletred-hyena-430447.hostingersite.com\/?page_id=6"},"modified":"2025-10-30T08:29:22","modified_gmt":"2025-10-30T08:29:22","slug":"home","status":"publish","type":"page","link":"https:\/\/grupolaclavedigital.com\/","title":{"rendered":"Home"},"content":{"rendered":"\t\t<div data-elementor-type=\"wp-page\" data-elementor-id=\"6\" class=\"elementor elementor-6\" data-elementor-post-type=\"page\">\n\t\t\t\t<div class=\"elementor-element elementor-element-f6e8c12 e-con-full e-flex e-con e-parent\" data-id=\"f6e8c12\" data-element_type=\"container\" data-settings=\"{&quot;background_background&quot;:&quot;classic&quot;}\">\n\t\t<div class=\"elementor-element elementor-element-f48d34e e-con-full e-flex e-con e-child\" data-id=\"f48d34e\" data-element_type=\"container\">\n\t\t\t\t<div class=\"elementor-element elementor-element-95f8753 elementor-widget elementor-widget-image\" data-id=\"95f8753\" data-element_type=\"widget\" data-widget_type=\"image.default\">\n\t\t\t\t\t\t\t\t\t\t\t\t\t\t\t<img decoding=\"async\" width=\"211\" height=\"54\" src=\"https:\/\/grupolaclavedigital.com\/wp-content\/uploads\/2025\/10\/Mesa-de-trabajo-18.png\" class=\"attachment-large size-large wp-image-21\" alt=\"\" \/>\t\t\t\t\t\t\t\t\t\t\t\t\t\t\t<\/div>\n\t\t\t\t<\/div>\n\t\t<div class=\"elementor-element elementor-element-482cfb1 e-con-full elementor-hidden-mobile e-flex e-con e-child\" data-id=\"482cfb1\" data-element_type=\"container\">\n\t\t\t\t<div class=\"elementor-element elementor-element-6439f3c elementor-icon-list--layout-inline elementor-align-right elementor-list-item-link-full_width elementor-widget elementor-widget-icon-list\" data-id=\"6439f3c\" data-element_type=\"widget\" data-widget_type=\"icon-list.default\">\n\t\t\t\t\t\t\t<ul class=\"elementor-icon-list-items elementor-inline-items\">\n\t\t\t\t\t\t\t<li class=\"elementor-icon-list-item elementor-inline-item\">\n\t\t\t\t\t\t\t\t\t\t\t<span class=\"elementor-icon-list-icon\">\n\t\t\t\t\t\t\t<svg aria-hidden=\"true\" class=\"e-font-icon-svg e-fas-mail-bulk\" viewBox=\"0 0 576 512\" xmlns=\"http:\/\/www.w3.org\/2000\/svg\"><path d=\"M160 448c-25.6 0-51.2-22.4-64-32-64-44.8-83.2-60.8-96-70.4V480c0 17.67 14.33 32 32 32h256c17.67 0 32-14.33 32-32V345.6c-12.8 9.6-32 25.6-96 70.4-12.8 9.6-38.4 32-64 32zm128-192H32c-17.67 0-32 14.33-32 32v16c25.6 19.2 22.4 19.2 115.2 86.4 9.6 6.4 28.8 25.6 44.8 25.6s35.2-19.2 44.8-22.4c92.8-67.2 89.6-67.2 115.2-86.4V288c0-17.67-14.33-32-32-32zm256-96H224c-17.67 0-32 14.33-32 32v32h96c33.21 0 60.59 25.42 63.71 57.82l.29-.22V416h192c17.67 0 32-14.33 32-32V192c0-17.67-14.33-32-32-32zm-32 128h-64v-64h64v64zm-352-96c0-35.29 28.71-64 64-64h224V32c0-17.67-14.33-32-32-32H96C78.33 0 64 14.33 64 32v192h96v-32z\"><\/path><\/svg>\t\t\t\t\t\t<\/span>\n\t\t\t\t\t\t\t\t\t\t<span class=\"elementor-icon-list-text\">info@grupolaclavedigital.com<\/span>\n\t\t\t\t\t\t\t\t\t<\/li>\n\t\t\t\t\t\t\t\t<li class=\"elementor-icon-list-item elementor-inline-item\">\n\t\t\t\t\t\t\t\t\t\t\t<a href=\"tel:+34946983657\">\n\n\t\t\t\t\t\t\t\t\t\t\t\t<span class=\"elementor-icon-list-icon\">\n\t\t\t\t\t\t\t<svg aria-hidden=\"true\" class=\"e-font-icon-svg e-fas-phone\" viewBox=\"0 0 512 512\" xmlns=\"http:\/\/www.w3.org\/2000\/svg\"><path d=\"M493.4 24.6l-104-24c-11.3-2.6-22.9 3.3-27.5 13.9l-48 112c-4.2 9.8-1.4 21.3 6.9 28l60.6 49.6c-36 76.7-98.9 140.5-177.2 177.2l-49.6-60.6c-6.8-8.3-18.2-11.1-28-6.9l-112 48C3.9 366.5-2 378.1.6 389.4l24 104C27.1 504.2 36.7 512 48 512c256.1 0 464-207.5 464-464 0-11.2-7.7-20.9-18.6-23.4z\"><\/path><\/svg>\t\t\t\t\t\t<\/span>\n\t\t\t\t\t\t\t\t\t\t<span class=\"elementor-icon-list-text\">946983657<\/span>\n\t\t\t\t\t\t\t\t\t\t\t<\/a>\n\t\t\t\t\t\t\t\t\t<\/li>\n\t\t\t\t\t\t\t\t<li class=\"elementor-icon-list-item elementor-inline-item\">\n\t\t\t\t\t\t\t\t\t\t\t<a href=\"tel:+34619965803\">\n\n\t\t\t\t\t\t\t\t\t\t\t\t<span class=\"elementor-icon-list-icon\">\n\t\t\t\t\t\t\t<svg aria-hidden=\"true\" class=\"e-font-icon-svg e-fab-whatsapp\" viewBox=\"0 0 448 512\" xmlns=\"http:\/\/www.w3.org\/2000\/svg\"><path d=\"M380.9 97.1C339 55.1 283.2 32 223.9 32c-122.4 0-222 99.6-222 222 0 39.1 10.2 77.3 29.6 111L0 480l117.7-30.9c32.4 17.7 68.9 27 106.1 27h.1c122.3 0 224.1-99.6 224.1-222 0-59.3-25.2-115-67.1-157zm-157 341.6c-33.2 0-65.7-8.9-94-25.7l-6.7-4-69.8 18.3L72 359.2l-4.4-7c-18.5-29.4-28.2-63.3-28.2-98.2 0-101.7 82.8-184.5 184.6-184.5 49.3 0 95.6 19.2 130.4 54.1 34.8 34.9 56.2 81.2 56.1 130.5 0 101.8-84.9 184.6-186.6 184.6zm101.2-138.2c-5.5-2.8-32.8-16.2-37.9-18-5.1-1.9-8.8-2.8-12.5 2.8-3.7 5.6-14.3 18-17.6 21.8-3.2 3.7-6.5 4.2-12 1.4-32.6-16.3-54-29.1-75.5-66-5.7-9.8 5.7-9.1 16.3-30.3 1.8-3.7.9-6.9-.5-9.7-1.4-2.8-12.5-30.1-17.1-41.2-4.5-10.8-9.1-9.3-12.5-9.5-3.2-.2-6.9-.2-10.6-.2-3.7 0-9.7 1.4-14.8 6.9-5.1 5.6-19.4 19-19.4 46.3 0 27.3 19.9 53.7 22.6 57.4 2.8 3.7 39.1 59.7 94.8 83.8 35.2 15.2 49 16.5 66.6 13.9 10.7-1.6 32.8-13.4 37.4-26.4 4.6-13 4.6-24.1 3.2-26.4-1.3-2.5-5-3.9-10.5-6.6z\"><\/path><\/svg>\t\t\t\t\t\t<\/span>\n\t\t\t\t\t\t\t\t\t\t<span class=\"elementor-icon-list-text\">619965803<\/span>\n\t\t\t\t\t\t\t\t\t\t\t<\/a>\n\t\t\t\t\t\t\t\t\t<\/li>\n\t\t\t\t\t\t<\/ul>\n\t\t\t\t\t\t<\/div>\n\t\t\t\t<\/div>\n\t\t\t\t<\/div>\n\t\t<div class=\"elementor-element elementor-element-95a94b5 e-flex e-con-boxed e-con e-parent\" data-id=\"95a94b5\" data-element_type=\"container\">\n\t\t\t\t\t<div class=\"e-con-inner\">\n\t\t<div class=\"elementor-element elementor-element-94c812e e-con-full e-flex e-con e-child\" data-id=\"94c812e\" data-element_type=\"container\">\n\t\t<a class=\"elementor-element elementor-element-a6e8814 e-con-full e-flex e-con e-child\" data-id=\"a6e8814\" data-element_type=\"container\" data-settings=\"{&quot;background_background&quot;:&quot;classic&quot;}\" href=\"https:\/\/codigoacodigo.com\/\">\n\t\t<div class=\"elementor-element elementor-element-9531e54 e-con-full e-flex e-con e-child\" data-id=\"9531e54\" data-element_type=\"container\">\n\t\t\t\t<div class=\"elementor-element elementor-element-464a04e elementor-widget elementor-widget-image\" data-id=\"464a04e\" data-element_type=\"widget\" data-widget_type=\"image.default\">\n\t\t\t\t\t\t\t\t\t\t\t\t\t\t\t<img decoding=\"async\" width=\"215\" height=\"49\" src=\"https:\/\/grupolaclavedigital.com\/wp-content\/uploads\/2025\/10\/Mesa-de-trabajo-13.png\" class=\"attachment-large size-large wp-image-52\" alt=\"\" \/>\t\t\t\t\t\t\t\t\t\t\t\t\t\t\t<\/div>\n\t\t\t\t<div class=\"elementor-element elementor-element-cd449c3 elementor-widget elementor-widget-text-editor\" data-id=\"cd449c3\" data-element_type=\"widget\" data-widget_type=\"text-editor.default\">\n\t\t\t\t\t\t\t\t\t<p data-start=\"300\" data-end=\"478\">Desarrollamos soluciones digitales a medida. Creamos apps, plataformas y herramientas que se adaptan a las necesidades de tu negocio para hacerlo m\u00e1s \u00e1gil, eficiente y conectado.<\/p>\t\t\t\t\t\t\t\t<\/div>\n\t\t\t\t<\/div>\n\t\t\t\t<\/a>\n\t\t\t\t<\/div>\n\t\t<div class=\"elementor-element elementor-element-0dd471b e-con-full e-flex e-con e-child\" data-id=\"0dd471b\" data-element_type=\"container\">\n\t\t<div class=\"elementor-element elementor-element-9df0e3c e-con-full e-flex e-con e-child\" data-id=\"9df0e3c\" data-element_type=\"container\">\n\t\t<a class=\"elementor-element elementor-element-a5d8556 e-con-full e-flex e-con e-child\" data-id=\"a5d8556\" data-element_type=\"container\" data-settings=\"{&quot;background_background&quot;:&quot;classic&quot;}\" href=\"https:\/\/lodigitalizo.com\/\">\n\t\t<div class=\"elementor-element elementor-element-c18c6cd e-con-full e-flex e-con e-child\" data-id=\"c18c6cd\" data-element_type=\"container\">\n\t\t\t\t<div class=\"elementor-element elementor-element-cb83655 elementor-widget elementor-widget-image\" data-id=\"cb83655\" data-element_type=\"widget\" data-widget_type=\"image.default\">\n\t\t\t\t\t\t\t\t\t\t\t\t\t\t\t<img decoding=\"async\" width=\"215\" height=\"54\" src=\"https:\/\/grupolaclavedigital.com\/wp-content\/uploads\/2025\/10\/Mesa-de-trabajo-12.png\" class=\"attachment-large size-large wp-image-53\" alt=\"\" \/>\t\t\t\t\t\t\t\t\t\t\t\t\t\t\t<\/div>\n\t\t\t\t<div class=\"elementor-element elementor-element-5139bcb elementor-widget elementor-widget-text-editor\" data-id=\"5139bcb\" data-element_type=\"widget\" data-widget_type=\"text-editor.default\">\n\t\t\t\t\t\t\t\t\t<p data-start=\"511\" data-end=\"683\">Transformamos tu marca en una experiencia digital. Desde la estrategia hasta la ejecuci\u00f3n, impulsamos tu presencia online con creatividad, comunicaci\u00f3n y resultados reales y tangibles.<\/p>\t\t\t\t\t\t\t\t<\/div>\n\t\t\t\t<\/div>\n\t\t\t\t<\/a>\n\t\t\t\t<\/div>\n\t\t\t\t<\/div>\n\t\t<a class=\"elementor-element elementor-element-eb9b43b e-con-full e-flex e-con e-child\" data-id=\"eb9b43b\" data-element_type=\"container\" href=\"https:\/\/creamosia.com\/\">\n\t\t<div class=\"elementor-element elementor-element-e4d0c57 e-con-full e-flex e-con e-child\" data-id=\"e4d0c57\" data-element_type=\"container\">\n\t\t<div class=\"elementor-element elementor-element-3b1e856 e-con-full e-flex e-con e-child\" data-id=\"3b1e856\" data-element_type=\"container\" data-settings=\"{&quot;background_background&quot;:&quot;classic&quot;}\">\n\t\t<div class=\"elementor-element elementor-element-9014fc8 e-con-full e-flex e-con e-child\" data-id=\"9014fc8\" data-element_type=\"container\">\n\t\t\t\t<div class=\"elementor-element elementor-element-0343e75 elementor-widget elementor-widget-image\" data-id=\"0343e75\" data-element_type=\"widget\" data-widget_type=\"image.default\">\n\t\t\t\t\t\t\t\t\t\t\t\t\t\t\t<img loading=\"lazy\" decoding=\"async\" width=\"219\" height=\"51\" src=\"https:\/\/grupolaclavedigital.com\/wp-content\/uploads\/2025\/10\/Mesa-de-trabajo-15.png\" class=\"attachment-large size-large wp-image-51\" alt=\"\" \/>\t\t\t\t\t\t\t\t\t\t\t\t\t\t\t<\/div>\n\t\t\t\t<div class=\"elementor-element elementor-element-054ca92 elementor-widget elementor-widget-text-editor\" data-id=\"054ca92\" data-element_type=\"widget\" data-widget_type=\"text-editor.default\">\n\t\t\t\t\t\t\t\t\t<p data-start=\"714\" data-end=\"892\">Automatizamos procesos y potenciamos tu empresa con inteligencia artificial. Implementamos soluciones que ahorran tiempo, optimizan recursos y generan valor de forma inteligente.<\/p>\t\t\t\t\t\t\t\t<\/div>\n\t\t\t\t<\/div>\n\t\t\t\t<\/div>\n\t\t\t\t<\/div>\n\t\t\t\t<\/a>\n\t\t\t\t\t<\/div>\n\t\t\t\t<\/div>\n\t\t\t\t<\/div>\n\t\t","protected":false},"excerpt":{"rendered":"<p>info@grupolaclavedigital.com 946983657 619965803 Desarrollamos soluciones digitales a medida. Creamos apps, plataformas y herramientas que se adaptan a las necesidades de tu negocio para hacerlo m\u00e1s \u00e1gil, eficiente y conectado. Transformamos tu marca en una experiencia digital. Desde la estrategia hasta la ejecuci\u00f3n, impulsamos tu presencia online con creatividad, comunicaci\u00f3n y resultados reales y tangibles. Automatizamos [&hellip;]<\/p>\n","protected":false},"author":1,"featured_media":17,"parent":0,"menu_order":0,"comment_status":"closed","ping_status":"closed","template":"elementor_header_footer","meta":{"footnotes":""},"class_list":["post-6","page","type-page","status-publish","has-post-thumbnail","hentry"],"yoast_head":"<!-- This site is optimized with the Yoast SEO plugin v26.2 - https:\/\/yoast.com\/wordpress\/plugins\/seo\/ -->\n<title>Home - Grupo La Clave Digital<\/title>\n<meta name=\"description\" content=\"Grupo que unifica tres empresas de digitalizaci\u00f3n: LoDigitalizo, Creamos IA y C\u00f3digo a C\u00f3digo.\" \/>\n<meta name=\"robots\" content=\"index, follow, max-snippet:-1, max-image-preview:large, max-video-preview:-1\" \/>\n<link rel=\"canonical\" href=\"https:\/\/grupolaclavedigital.com\/\" \/>\n<meta property=\"og:locale\" content=\"es_ES\" \/>\n<meta property=\"og:type\" content=\"article\" \/>\n<meta property=\"og:title\" content=\"Home - Grupo La Clave Digital\" \/>\n<meta property=\"og:description\" content=\"Grupo que unifica tres empresas de digitalizaci\u00f3n: LoDigitalizo, Creamos IA y C\u00f3digo a C\u00f3digo.\" \/>\n<meta property=\"og:url\" content=\"https:\/\/grupolaclavedigital.com\/\" \/>\n<meta property=\"og:site_name\" content=\"Grupo La Clave Digital\" \/>\n<meta property=\"article:modified_time\" content=\"2025-10-30T08:29:22+00:00\" \/>\n<meta property=\"og:image\" content=\"https:\/\/grupolaclavedigital.com\/wp-content\/uploads\/2025\/10\/Lanzamiento-y-Despliegue-Codigo-a-codigo.jpg\" \/>\n\t<meta property=\"og:image:width\" content=\"640\" \/>\n\t<meta property=\"og:image:height\" content=\"960\" \/>\n\t<meta property=\"og:image:type\" content=\"image\/jpeg\" \/>\n<meta name=\"twitter:card\" content=\"summary_large_image\" \/>\n<meta name=\"twitter:label1\" content=\"Tiempo de lectura\" \/>\n\t<meta name=\"twitter:data1\" content=\"2 minutos\" \/>\n<script type=\"application\/ld+json\" class=\"yoast-schema-graph\">{\"@context\":\"https:\/\/schema.org\",\"@graph\":[{\"@type\":\"WebPage\",\"@id\":\"https:\/\/grupolaclavedigital.com\/\",\"url\":\"https:\/\/grupolaclavedigital.com\/\",\"name\":\"Home - Grupo La Clave Digital\",\"isPartOf\":{\"@id\":\"https:\/\/grupolaclavedigital.com\/#website\"},\"primaryImageOfPage\":{\"@id\":\"https:\/\/grupolaclavedigital.com\/#primaryimage\"},\"image\":{\"@id\":\"https:\/\/grupolaclavedigital.com\/#primaryimage\"},\"thumbnailUrl\":\"https:\/\/grupolaclavedigital.com\/wp-content\/uploads\/2025\/10\/Lanzamiento-y-Despliegue-Codigo-a-codigo.jpg\",\"datePublished\":\"2025-10-27T17:42:02+00:00\",\"dateModified\":\"2025-10-30T08:29:22+00:00\",\"description\":\"Grupo que unifica tres empresas de digitalizaci\u00f3n: LoDigitalizo, Creamos IA y C\u00f3digo a C\u00f3digo.\",\"breadcrumb\":{\"@id\":\"https:\/\/grupolaclavedigital.com\/#breadcrumb\"},\"inLanguage\":\"es\",\"potentialAction\":[{\"@type\":\"ReadAction\",\"target\":[\"https:\/\/grupolaclavedigital.com\/\"]}]},{\"@type\":\"ImageObject\",\"inLanguage\":\"es\",\"@id\":\"https:\/\/grupolaclavedigital.com\/#primaryimage\",\"url\":\"https:\/\/grupolaclavedigital.com\/wp-content\/uploads\/2025\/10\/Lanzamiento-y-Despliegue-Codigo-a-codigo.jpg\",\"contentUrl\":\"https:\/\/grupolaclavedigital.com\/wp-content\/uploads\/2025\/10\/Lanzamiento-y-Despliegue-Codigo-a-codigo.jpg\",\"width\":640,\"height\":960,\"caption\":\"grupo la clave digital\"},{\"@type\":\"BreadcrumbList\",\"@id\":\"https:\/\/grupolaclavedigital.com\/#breadcrumb\",\"itemListElement\":[{\"@type\":\"ListItem\",\"position\":1,\"name\":\"Home\",\"item\":\"https:\/\/grupolaclavedigital.com\/\"},{\"@type\":\"ListItem\",\"position\":2,\"name\":\"Home\"}]},{\"@type\":\"WebSite\",\"@id\":\"https:\/\/grupolaclavedigital.com\/#website\",\"url\":\"https:\/\/grupolaclavedigital.com\/\",\"name\":\"Grupo La Clave Digital\",\"description\":\"\",\"publisher\":{\"@id\":\"https:\/\/grupolaclavedigital.com\/#organization\"},\"potentialAction\":[{\"@type\":\"SearchAction\",\"target\":{\"@type\":\"EntryPoint\",\"urlTemplate\":\"https:\/\/grupolaclavedigital.com\/?s={search_term_string}\"},\"query-input\":{\"@type\":\"PropertyValueSpecification\",\"valueRequired\":true,\"valueName\":\"search_term_string\"}}],\"inLanguage\":\"es\"},{\"@type\":\"Organization\",\"@id\":\"https:\/\/grupolaclavedigital.com\/#organization\",\"name\":\"grupolaclavedigital.com\",\"url\":\"https:\/\/grupolaclavedigital.com\/\",\"logo\":{\"@type\":\"ImageObject\",\"inLanguage\":\"es\",\"@id\":\"https:\/\/grupolaclavedigital.com\/#\/schema\/logo\/image\/\",\"url\":\"https:\/\/grupolaclavedigital.com\/wp-content\/uploads\/2025\/10\/Mesa-de-trabajo-18.png\",\"contentUrl\":\"https:\/\/grupolaclavedigital.com\/wp-content\/uploads\/2025\/10\/Mesa-de-trabajo-18.png\",\"width\":211,\"height\":54,\"caption\":\"grupolaclavedigital.com\"},\"image\":{\"@id\":\"https:\/\/grupolaclavedigital.com\/#\/schema\/logo\/image\/\"}}]}<\/script>\n<!-- \/ Yoast SEO plugin. -->","yoast_head_json":{"title":"Home - Grupo La Clave Digital","description":"Grupo que unifica tres empresas de digitalizaci\u00f3n: LoDigitalizo, Creamos IA y C\u00f3digo a C\u00f3digo.","robots":{"index":"index","follow":"follow","max-snippet":"max-snippet:-1","max-image-preview":"max-image-preview:large","max-video-preview":"max-video-preview:-1"},"canonical":"https:\/\/grupolaclavedigital.com\/","og_locale":"es_ES","og_type":"article","og_title":"Home - Grupo La Clave Digital","og_description":"Grupo que unifica tres empresas de digitalizaci\u00f3n: LoDigitalizo, Creamos IA y C\u00f3digo a C\u00f3digo.","og_url":"https:\/\/grupolaclavedigital.com\/","og_site_name":"Grupo La Clave Digital","article_modified_time":"2025-10-30T08:29:22+00:00","og_image":[{"width":640,"height":960,"url":"https:\/\/grupolaclavedigital.com\/wp-content\/uploads\/2025\/10\/Lanzamiento-y-Despliegue-Codigo-a-codigo.jpg","type":"image\/jpeg"}],"twitter_card":"summary_large_image","twitter_misc":{"Tiempo de lectura":"2 minutos"},"schema":{"@context":"https:\/\/schema.org","@graph":[{"@type":"WebPage","@id":"https:\/\/grupolaclavedigital.com\/","url":"https:\/\/grupolaclavedigital.com\/","name":"Home - Grupo La Clave Digital","isPartOf":{"@id":"https:\/\/grupolaclavedigital.com\/#website"},"primaryImageOfPage":{"@id":"https:\/\/grupolaclavedigital.com\/#primaryimage"},"image":{"@id":"https:\/\/grupolaclavedigital.com\/#primaryimage"},"thumbnailUrl":"https:\/\/grupolaclavedigital.com\/wp-content\/uploads\/2025\/10\/Lanzamiento-y-Despliegue-Codigo-a-codigo.jpg","datePublished":"2025-10-27T17:42:02+00:00","dateModified":"2025-10-30T08:29:22+00:00","description":"Grupo que unifica tres empresas de digitalizaci\u00f3n: LoDigitalizo, Creamos IA y C\u00f3digo a C\u00f3digo.","breadcrumb":{"@id":"https:\/\/grupolaclavedigital.com\/#breadcrumb"},"inLanguage":"es","potentialAction":[{"@type":"ReadAction","target":["https:\/\/grupolaclavedigital.com\/"]}]},{"@type":"ImageObject","inLanguage":"es","@id":"https:\/\/grupolaclavedigital.com\/#primaryimage","url":"https:\/\/grupolaclavedigital.com\/wp-content\/uploads\/2025\/10\/Lanzamiento-y-Despliegue-Codigo-a-codigo.jpg","contentUrl":"https:\/\/grupolaclavedigital.com\/wp-content\/uploads\/2025\/10\/Lanzamiento-y-Despliegue-Codigo-a-codigo.jpg","width":640,"height":960,"caption":"grupo la clave digital"},{"@type":"BreadcrumbList","@id":"https:\/\/grupolaclavedigital.com\/#breadcrumb","itemListElement":[{"@type":"ListItem","position":1,"name":"Home","item":"https:\/\/grupolaclavedigital.com\/"},{"@type":"ListItem","position":2,"name":"Home"}]},{"@type":"WebSite","@id":"https:\/\/grupolaclavedigital.com\/#website","url":"https:\/\/grupolaclavedigital.com\/","name":"Grupo La Clave Digital","description":"","publisher":{"@id":"https:\/\/grupolaclavedigital.com\/#organization"},"potentialAction":[{"@type":"SearchAction","target":{"@type":"EntryPoint","urlTemplate":"https:\/\/grupolaclavedigital.com\/?s={search_term_string}"},"query-input":{"@type":"PropertyValueSpecification","valueRequired":true,"valueName":"search_term_string"}}],"inLanguage":"es"},{"@type":"Organization","@id":"https:\/\/grupolaclavedigital.com\/#organization","name":"grupolaclavedigital.com","url":"https:\/\/grupolaclavedigital.com\/","logo":{"@type":"ImageObject","inLanguage":"es","@id":"https:\/\/grupolaclavedigital.com\/#\/schema\/logo\/image\/","url":"https:\/\/grupolaclavedigital.com\/wp-content\/uploads\/2025\/10\/Mesa-de-trabajo-18.png","contentUrl":"https:\/\/grupolaclavedigital.com\/wp-content\/uploads\/2025\/10\/Mesa-de-trabajo-18.png","width":211,"height":54,"caption":"grupolaclavedigital.com"},"image":{"@id":"https:\/\/grupolaclavedigital.com\/#\/schema\/logo\/image\/"}}]}},"_hostinger_reach_plugin_has_subscription_block":false,"_hostinger_reach_plugin_is_elementor":false,"_links":{"self":[{"href":"https:\/\/grupolaclavedigital.com\/index.php?rest_route=\/wp\/v2\/pages\/6","targetHints":{"allow":["GET"]}}],"collection":[{"href":"https:\/\/grupolaclavedigital.com\/index.php?rest_route=\/wp\/v2\/pages"}],"about":[{"href":"https:\/\/grupolaclavedigital.com\/index.php?rest_route=\/wp\/v2\/types\/page"}],"author":[{"embeddable":true,"href":"https:\/\/grupolaclavedigital.com\/index.php?rest_route=\/wp\/v2\/users\/1"}],"replies":[{"embeddable":true,"href":"https:\/\/grupolaclavedigital.com\/index.php?rest_route=%2Fwp%2Fv2%2Fcomments&post=6"}],"version-history":[{"count":121,"href":"https:\/\/grupolaclavedigital.com\/index.php?rest_route=\/wp\/v2\/pages\/6\/revisions"}],"predecessor-version":[{"id":153,"href":"https:\/\/grupolaclavedigital.com\/index.php?rest_route=\/wp\/v2\/pages\/6\/revisions\/153"}],"wp:featuredmedia":[{"embeddable":true,"href":"https:\/\/grupolaclavedigital.com\/index.php?rest_route=\/wp\/v2\/media\/17"}],"wp:attachment":[{"href":"https:\/\/grupolaclavedigital.com\/index.php?rest_route=%2Fwp%2Fv2%2Fmedia&parent=6"}],"curies":[{"name":"wp","href":"https:\/\/api.w.org\/{rel}","templated":true}]}}